{"id":14,"date":"2015-08-06T18:25:42","date_gmt":"2015-08-06T16:25:42","guid":{"rendered":"http:\/\/www.jaumefarres.cat\/?page_id=14"},"modified":"2026-01-01T09:29:50","modified_gmt":"2026-01-01T07:29:50","slug":"qui-soc","status":"publish","type":"page","link":"https:\/\/www.jaumefarres.cat\/?page_id=14","title":{"rendered":"Qui s\u00f3c"},"content":{"rendered":"<ul>\n<li><span style=\"font-size: revert; color: initial;\">Vaig n\u00e8ixer a Olesa de Montserrat el 28 de novembre de 1949<\/span><\/li>\n<li>Mestre del Cicle Mitj\u00e0 (3er, 4ar i 5\u00e8) de Prim\u00e0ria d&#8217;EGB<\/li>\n<li>Professor de matem\u00e0tiques i ci\u00e8ncies del Cicle Superior (6\u00e8, 7\u00e8 i 8\u00e8) d&#8217;EGB<\/li>\n<li>Professor de matem\u00e0tiques i tecnologies del Primer Cicle (1er i 2on) d&#8217;ESO<\/li>\n<li>Postgrau en Did\u00e0ctica de les Matem\u00e0tiques i de les Ci\u00e8ncies Experimentals<\/li>\n<li>Quaranta cinc anys dedicat professionalment a la doc\u00e8ncia, dels quals, quaranta tres a l&#8217;Escola Daina-Isard Cooperativa d&#8217;Ensenyament d&#8217;Olesa de Montserrat<\/li>\n<\/ul>\n<p>Em vaig jubilar el 2014 i vaig escriure:<\/p>\n<p><cite>Avui em jubilo. Ho faig satisfet per haver gaudit de l&#8217;oportunitat de treballar en un m\u00f3n apassionant: l&#8217;Educaci\u00f3.<\/cite><\/p>\n<p><cite>Han estat quaranta tres anys fent la feina que m&#8217;agrada, contactant di\u00e0riament amb l&#8217;alumnat i veient com l&#8217;Escola es feia gran. Aqu\u00ed he crescut professionalment i com a persona, he fet amics i he procurat ser bon company.<\/cite><\/p>\n<p><cite>Arribat el moment de posar f\u00ed a la meva carrera tinc el plaer de dir que, per a mi, l&#8217;Escola Daina-Isard sempre ser\u00e0 casa meva.<\/cite><\/p>\n<p><cite>Fins sempre!<\/cite><\/p>\n<p>Pel que fa a les meves aficions i activitats:<\/p>\n<ul>\n<li>Formaci\u00f3 teatral autodidacta<\/li>\n<li>Experi\u00e8ncia en el camp de la interpretaci\u00f3 i de la direcci\u00f3 (m\u00e9s de 30 muntatges)<\/li>\n<li>Vinculat amb La Passi\u00f3 fins el 1993<\/li>\n<li>Codirector habitual de la secci\u00f3 de teatre d&#8217;El Casal<\/li>\n<li>Fundador de Daina-Isard Teatre el 1995 i codirector de la companyia fins el 2018, any de la seva extinci\u00f3<\/li>\n<li>Cofundador d&#8217;OlesaAteneu el 2015<\/li>\n<li>Activista cultural<\/li>\n<li>Conferenciant ocasional<\/li>\n<li>Articulista<\/li>\n<li>Autopublicacions: <em>&#8220;Reflexions en veu alta&#8221;<\/em> i<em> &#8220;Cartes des de Puigvent\u00f3s&#8221;<\/em><\/li>\n<li>Tertuli\u00e0 habitual d&#8217;Olesa R\u00e0dio<\/li>\n<\/ul>\n<p style=\"text-align: right;\"><em style=\"font-size: revert; text-align: right; color: initial;\">2015<\/em><\/p>\n","protected":false},"excerpt":{"rendered":"<p>Vaig n\u00e8ixer a Olesa de Montserrat el 28 de novembre de 1949 Mestre del Cicle Mitj\u00e0 (3er, 4ar i 5\u00e8) de Prim\u00e0ria d&#8217;EGB Professor de matem\u00e0tiques i ci\u00e8ncies del Cicle Superior (6\u00e8, 7\u00e8 i 8\u00e8) d&#8217;EGB Professor de matem\u00e0tiques i tecnologies del Primer Cicle (1er i 2on) d&#8217;ESO Postgrau en Did\u00e0ctica de les Matem\u00e0tiques i [&hellip;]<\/p>\n","protected":false},"author":1,"featured_media":0,"parent":0,"menu_order":0,"comment_status":"closed","ping_status":"closed","template":"","meta":[],"_links":{"self":[{"href":"https:\/\/www.jaumefarres.cat\/index.php?rest_route=\/wp\/v2\/pages\/14"}],"collection":[{"href":"https:\/\/www.jaumefarres.cat\/index.php?rest_route=\/wp\/v2\/pages"}],"about":[{"href":"https:\/\/www.jaumefarres.cat\/index.php?rest_route=\/wp\/v2\/types\/page"}],"author":[{"embeddable":true,"href":"https:\/\/www.jaumefarres.cat\/index.php?rest_route=\/wp\/v2\/users\/1"}],"replies":[{"embeddable":true,"href":"https:\/\/www.jaumefarres.cat\/index.php?rest_route=%2Fwp%2Fv2%2Fcomments&post=14"}],"version-history":[{"count":37,"href":"https:\/\/www.jaumefarres.cat\/index.php?rest_route=\/wp\/v2\/pages\/14\/revisions"}],"predecessor-version":[{"id":3490,"href":"https:\/\/www.jaumefarres.cat\/index.php?rest_route=\/wp\/v2\/pages\/14\/revisions\/3490"}],"wp:attachment":[{"href":"https:\/\/www.jaumefarres.cat\/index.php?rest_route=%2Fwp%2Fv2%2Fmedia&parent=14"}],"curies":[{"name":"wp","href":"https:\/\/api.w.org\/{rel}","templated":true}]}}